{"id":10,"date":"2025-09-03T20:20:56","date_gmt":"2025-09-03T13:20:56","guid":{"rendered":"https:\/\/zcsggp.sa.com\/?page_id=10"},"modified":"2026-04-14T14:07:17","modified_gmt":"2026-04-14T07:07:17","slug":"trang-chu-99ok","status":"publish","type":"page","link":"https:\/\/technopark.it.com\/vi-vn\/","title":{"rendered":"99OK"},"content":{"rendered":"<section class=\"section\" id=\"section_1742009714\">\n\t\t<div class=\"bg section-bg fill bg-fill  bg-loaded\" >\n\n\t\t\t\n\t\t\t\n\t\t\t\n\n\t\t<\/div>\n\n\t\t\n\n\t\t<div class=\"section-content relative\">\n\t\t\t\n\t<div class=\"img has-hover x md-x lg-x y md-y lg-y\" id=\"image_1123020768\">\n\t\t\t\t\t\t\t\t<div class=\"img-inner dark\" style=\"margin:-30px 0px 0px 0px;\">\n\t\t\t<img loading=\"lazy\" decoding=\"async\" width=\"1918\" height=\"599\" src=\"https:\/\/technopark.it.com\/wp-content\/uploads\/2025\/10\/99ok-banner.webp\" class=\"attachment-original size-original\" alt=\"99ok banner\" srcset=\"https:\/\/technopark.it.com\/wp-content\/uploads\/2025\/10\/99ok-banner.webp 1918w, https:\/\/technopark.it.com\/wp-content\/uploads\/2025\/10\/99ok-banner-300x94.webp 300w, https:\/\/technopark.it.com\/wp-content\/uploads\/2025\/10\/99ok-banner-1024x320.webp 1024w, https:\/\/technopark.it.com\/wp-content\/uploads\/2025\/10\/99ok-banner-768x240.webp 768w, https:\/\/technopark.it.com\/wp-content\/uploads\/2025\/10\/99ok-banner-1536x480.webp 1536w\" sizes=\"auto, (max-width: 1918px) 100vw, 1918px\" title=\"\">\t\t\t\t\t\t\n\t\t\t\t\t<\/div>\n\t\t\t\t\t\t\t\t\n<style>\n#image_1123020768 {\n  width: 100%;\n}\n<\/style>\n\t<\/div>\n\t\n\t\t<\/div>\n\n\t\t\n<style>\n#section_1742009714 {\n  padding-top: 30px;\n  padding-bottom: 30px;\n}\n<\/style>\n\t<\/section>\n\t\n<div class=\"row nofollow\"  id=\"row-244638388\">\n\n\t<div id=\"col-2100102269\" class=\"col nofollow medium-4 small-12 large-4\"  >\n\t\t\t\t<div class=\"col-inner text-center\"  >\n\t\t\t\n\t\t\t\n<a rel=\"nofollow noopener\" href=\"https:\/\/bl68s1.com\/dobber\" target=\"_self\" class=\"button primary expand button-99ok\" style=\"border-radius:18px;\">\n    <span>Link khuy\u1ebfn m\u00e3i t\u00e2n th\u1ee7<\/span>\n  <\/a>\n\n\t\t<\/div>\n\t\t\t\t\t<\/div>\n\n\t\n\n\t<div id=\"col-476773364\" class=\"col nofollow medium-4 small-12 large-4\"  >\n\t\t\t\t<div class=\"col-inner text-center\"  >\n\t\t\t\n\t\t\t\n<a rel=\"noopener noreferrer nofollow\" href=\"https:\/\/bl68s1.com\/dobber\" target=\"_blank\" class=\"button primary expand button-99ok\" style=\"border-radius:18px;\">\n    <span>link khuy\u1ebfn m\u00e3i b\u1eafn c\u00e1<\/span>\n  <\/a>\n\n\t\t<\/div>\n\t\t\t\t\t<\/div>\n\n\t\n\n\t<div id=\"col-340635233\" class=\"col nofollow medium-4 small-12 large-4\"  >\n\t\t\t\t<div class=\"col-inner text-center\"  >\n\t\t\t\n\t\t\t\n<a rel=\"nofollow noopener\" href=\"https:\/\/bl68s1.com\/dobber\" target=\"_self\" class=\"button primary expand button-99ok\" style=\"border-radius:18px;\">\n    <span>Link khuy\u1ec5n m\u00e3i n\u1ed5 h\u0169<\/span>\n  <\/a>\n\n\t\t<\/div>\n\t\t\t\t\t<\/div>\n\n\t\n<\/div>\n<div class=\"container section-title-container\" ><h1 class=\"section-title section-title-center\"><b><\/b><span class=\"section-title-main\" >99OK - Link Truy C\u1eadp Ch\u00ednh Th\u1ee9c 99OK.COM \/ \u0110\u0103ng K\u00fd Nh\u1eadn Th\u01b0\u1edfng 999K<\/span><b><\/b><\/h1><\/div>\n<div class=\"row row home-content\"  id=\"row-1908315569\">\n\n\t<div id=\"col-1969828222\" class=\"col small-12 large-12\"  >\n\t\t\t\t<div class=\"col-inner text-center\"  >\n\t\t\t\n\t\t\t\n<p class=\"ds-markdown-paragraph\">D\u00e0nh cho nh\u1eefng ai y\u00eau th\u00edch s\u1ef1 phong ph\u00fa trong th\u1ebf gi\u1edbi gi\u1ea3i tr\u00ed tr\u1ef1c tuy\u1ebfn, 99OK l\u00e0 m\u1ed9t c\u00e1i t\u00ean \u0111\u00e1ng \u0111\u1ec3 kh\u00e1m ph\u00e1. Giao di\u1ec7n \u0111\u01b0\u1ee3c thi\u1ebft k\u1ebf th\u00f4ng minh, l\u00e0m n\u1ed5i b\u1eadt c\u00e1c chuy\u00ean m\u1ee5c ch\u00ednh nh\u01b0 casino tr\u1ef1c tuy\u1ebfn, th\u1ec3 thao \u1ea3o, n\u1ed5 h\u0169, b\u1eafn c\u00e1 v\u00e0 c\u00e1c tr\u00f2 \u0111\u00e1nh b\u00e0i \u0111\u1ed5i th\u01b0\u1edfng. S\u1ef1 ph\u00e2n chia r\u00f5 r\u00e0ng, d\u1ec5 nh\u00ecn gi\u00fap ng\u01b0\u1eddi d\u00f9ng nhanh ch\u00f3ng l\u00e0m quen, thao t\u00e1c m\u01b0\u1ee3t m\u00e0 v\u00e0 d\u1ec5 d\u00e0ng t\u00ecm \u0111\u01b0\u1ee3c tr\u00f2 ch\u01a1i y\u00eau th\u00edch.<\/p>\n<p class=\"ds-markdown-paragraph\">\u0110i\u1ec3m \u0111\u1eb7c bi\u1ec7t trong thi\u1ebft k\u1ebf c\u1ee7a 99OK l\u00e0 phong c\u00e1ch hi\u1ec7n \u0111\u1ea1i, t\u1ed1i gi\u1ea3n nh\u01b0ng kh\u00f4ng k\u00e9m ph\u1ea7n tinh t\u1ebf, ho\u1ea1t \u0111\u1ed9ng \u1ed5n \u0111\u1ecbnh tr\u00ean c\u1ea3 n\u1ec1n t\u1ea3ng m\u00e1y t\u00ednh v\u00e0 \u0111i\u1ec7n tho\u1ea1i di \u0111\u1ed9ng. Quy tr\u00ecnh t\u1eeb \u0111\u0103ng nh\u1eadp, chuy\u1ec3n \u0111\u1ed5i gi\u1eefa c\u00e1c m\u1ee5c \u0111\u1ebfn khi tham gia b\u00e0n ch\u01a1i \u0111\u1ec1u \u0111\u01b0\u1ee3c r\u00fat g\u1ecdn, gi\u00fap ng\u01b0\u1eddi m\u1edbi d\u1ec5 d\u00e0ng ti\u1ebfp c\u1eadn m\u1ed9t c\u00e1ch t\u1ef1 nhi\u00ean v\u00e0 kh\u00f4ng g\u1eb7p r\u00e0o c\u1ea3n.<\/p>\n<p class=\"ds-markdown-paragraph\">V\u1ec1 m\u1eb7t k\u1ef9 thu\u1eadt, 99OK li\u00ean t\u1ee5c n\u00e2ng c\u1ea5p h\u1ec7 th\u1ed1ng \u0111\u1ec3 duy tr\u00ec hi\u1ec7u su\u1ea5t m\u01b0\u1ee3t m\u00e0 v\u00e0 li\u00ean t\u1ee5c. Kho tr\u00f2 ch\u01a1i \u0111\u01b0\u1ee3c c\u1eadp nh\u1eadt \u0111\u1ecbnh k\u1ef3, t\u00edch h\u1ee3p nhi\u1ec1u l\u1edbp b\u1ea3o m\u1eadt ti\u00ean ti\u1ebfn c\u00f9ng \u0111\u1ed9i ng\u0169 h\u1ed7 tr\u1ee3 kh\u00e1ch h\u00e0ng ho\u1ea1t \u0111\u1ed9ng 24\/7. T\u1ea5t c\u1ea3 nh\u1eefng y\u1ebfu t\u1ed1 n\u00e0y t\u1ea1o n\u00ean m\u1ed9t s\u00e2n ch\u01a1i minh b\u1ea1ch, an to\u00e0n v\u00e0 \u0111\u00e1ng tr\u1ea3i nghi\u1ec7m \u2013 n\u01a1i ng\u01b0\u1eddi ch\u01a1i c\u00f3 th\u1ec3 ho\u00e0n to\u00e0n y\u00ean t\u00e2m ngay t\u1eeb l\u1ea7n \u0111\u1ea7u truy c\u1eadp.<\/p>\n<p class=\"ds-markdown-paragraph\">\ud83d\udd17 \u0110\u01b0\u1eddng d\u1eabn truy c\u1eadp 99OK ch\u00ednh x\u00e1c 2026 (b\u1ea3o m\u1eadt v\u00e0 \u1ed5n \u0111\u1ecbnh):<br \/>\n\ud83c\udf10\u00a0<a href=\"https:\/\/technopark.it.com\/vi-vn\/\" target=\"_blank\" rel=\"noopener noreferrer\">https:\/\/technopark.it.com\/<\/a>\u00a0\u2013 C\u1eadp nh\u1eadt li\u00ean t\u1ee5c theo th\u1eddi gian th\u1ef1c.<\/p>\n\t\t<\/div>\n\t\t\t\t\t<\/div>\n\n\t\n<\/div>\n<div class=\"container section-title-container\" ><h2 class=\"section-title section-title-center\"><b><\/b><span class=\"section-title-main\" style=\"font-size:90%;\">faq c\u00e2u h\u1ecfi th\u01b0\u1edfng g\u1eb7p t\u1ea1i nh\u00e0 c\u00e1i 99ok<\/span><b><\/b><\/h2><\/div>\n<div class=\"row\"  id=\"row-1374793007\">\n\n\t<div id=\"col-616970906\" class=\"col small-12 large-12\"  >\n\t\t\t\t<div class=\"col-inner\"  >\n\t\t\t\n\t\t\t\n<div class=\"accordion\">\n\t<div id=\"accordion-1296367616\" class=\"accordion-item\">\n\t\t<a id=\"accordion-1296367616-label\" class=\"accordion-title plain\" href=\"#accordion-item-99ok_c\u00f3_an_to\u00e0n_v\u00e0_b\u1ea3o_m\u1eadt_kh\u00f4ng?\" aria-expanded=\"false\" aria-controls=\"accordion-1296367616-content\" >\n\t\t\t<button class=\"toggle\" aria-label=\"Toggle\"><i class=\"icon-angle-down\"><\/i><\/button>\n\t\t\t<span>99OK c\u00f3 an to\u00e0n v\u00e0 b\u1ea3o m\u1eadt kh\u00f4ng?<\/span>\n\t\t<\/a>\n\t\t<div id=\"accordion-1296367616-content\" class=\"accordion-inner\" aria-labelledby=\"accordion-1296367616-label\" >\n\t\t\t\n<p data-start=\"204\" data-end=\"506\">C\u00f3, 99OK s\u1eed d\u1ee5ng c\u00f4ng ngh\u1ec7 m\u00e3 h\u00f3a SSL 256-bit \u0111\u1ec3 \u0111\u1ea3m b\u1ea3o s\u1ef1 an to\u00e0n v\u00e0 b\u1ea3o m\u1eadt tuy\u1ec7t \u0111\u1ed1i cho t\u1ea5t c\u1ea3 giao d\u1ecbch v\u00e0 th\u00f4ng tin c\u1ee7a ng\u01b0\u1eddi ch\u01a1i.<\/p>\n\t\t<\/div>\n\t<\/div>\n\t\n\t<div id=\"accordion-48793422\" class=\"accordion-item\">\n\t\t<a id=\"accordion-48793422-label\" class=\"accordion-title plain\" href=\"#accordion-item-l\u00e0m_th\u1ebf_n\u00e0o_\u0111\u1ec3_\u0111\u0103ng_k\u00fd_t\u00e0i_kho\u1ea3n_tr\u00ean_99_ok?\" aria-expanded=\"false\" aria-controls=\"accordion-48793422-content\" >\n\t\t\t<button class=\"toggle\" aria-label=\"Toggle\"><i class=\"icon-angle-down\"><\/i><\/button>\n\t\t\t<span>L\u00e0m th\u1ebf n\u00e0o \u0111\u1ec3 \u0111\u0103ng k\u00fd t\u00e0i kho\u1ea3n tr\u00ean 99 OK?<\/span>\n\t\t<\/a>\n\t\t<div id=\"accordion-48793422-content\" class=\"accordion-inner\" aria-labelledby=\"accordion-48793422-label\" >\n\t\t\t\n<p data-start=\"513\" data-end=\"826\">B\u1ea1n ch\u1ec9 c\u1ea7n truy c\u1eadp v\u00e0o website c\u1ee7a 99 OK, \u0111i\u1ec1n th\u00f4ng tin c\u00e1 nh\u00e2n v\u00e0 ho\u00e0n t\u1ea5t qu\u00e1 tr\u00ecnh \u0111\u0103ng k\u00fd \u0111\u1ec3 c\u00f3 th\u1ec3 tham gia c\u00e1 c\u01b0\u1ee3c.<\/p>\n\t\t<\/div>\n\t<\/div>\n\t\n\t<div id=\"accordion-838631525\" class=\"accordion-item\">\n\t\t<a id=\"accordion-838631525-label\" class=\"accordion-title plain\" href=\"#accordion-item-c\u00f3_nh\u1eefng_tr\u00f2_ch\u01a1i_n\u00e0o_tr\u00ean_99ok?\" aria-expanded=\"false\" aria-controls=\"accordion-838631525-content\" >\n\t\t\t<button class=\"toggle\" aria-label=\"Toggle\"><i class=\"icon-angle-down\"><\/i><\/button>\n\t\t\t<span>C\u00f3 nh\u1eefng tr\u00f2 ch\u01a1i n\u00e0o tr\u00ean 99OK?<\/span>\n\t\t<\/a>\n\t\t<div id=\"accordion-838631525-content\" class=\"accordion-inner\" aria-labelledby=\"accordion-838631525-label\" >\n\t\t\t\n<p data-start=\"833\" data-end=\"1134\">99OK.com cung c\u1ea5p c\u00e1c tr\u00f2 ch\u01a1i nh\u01b0 casino tr\u1ef1c tuy\u1ebfn, c\u00e1 c\u01b0\u1ee3c th\u1ec3 thao, v\u00e0 b\u1eafn c\u00e1. M\u1ed7i tr\u00f2 ch\u01a1i \u0111\u1ec1u mang \u0111\u1ebfn nh\u1eefng c\u01a1 h\u1ed9i th\u1eafng l\u1edbn cho ng\u01b0\u1eddi ch\u01a1i.<\/p>\n\t\t<\/div>\n\t<\/div>\n\t\n<\/div>\n\t\t<\/div>\n\t\t\t\t\t<\/div>\n\n\t\n<\/div>\n<div class=\"container section-title-container\" ><h3 class=\"section-title section-title-center\"><b><\/b><span class=\"section-title-main\" >tin t\u1ee9c m\u1edbi nh\u1ea5t T10\/2025<\/span><b><\/b><\/h3><\/div>\n\n  \n    <div class=\"row large-columns-3 medium-columns-1 small-columns-1 slider row-slider slider-nav-reveal slider-nav-push\"  data-flickity-options='{\"imagesLoaded\": true, \"groupCells\": \"100%\", \"dragThreshold\" : 5, \"cellAlign\": \"left\",\"wrapAround\": true,\"prevNextButtons\": true,\"percentPosition\": true,\"pageDots\": false, \"rightToLeft\": false, \"autoPlay\" : false}' >\n\n  <\/div>","protected":false},"excerpt":{"rendered":"","protected":false},"author":1,"featured_media":497,"parent":0,"menu_order":0,"comment_status":"closed","ping_status":"closed","template":"page-blank.php","meta":{"footnotes":""},"class_list":["post-10","page","type-page","status-publish","has-post-thumbnail","hentry"],"_links":{"self":[{"href":"https:\/\/technopark.it.com\/vi-vn\/wp-json\/wp\/v2\/pages\/10","targetHints":{"allow":["GET"]}}],"collection":[{"href":"https:\/\/technopark.it.com\/vi-vn\/wp-json\/wp\/v2\/pages"}],"about":[{"href":"https:\/\/technopark.it.com\/vi-vn\/wp-json\/wp\/v2\/types\/page"}],"author":[{"embeddable":true,"href":"https:\/\/technopark.it.com\/vi-vn\/wp-json\/wp\/v2\/users\/1"}],"replies":[{"embeddable":true,"href":"https:\/\/technopark.it.com\/vi-vn\/wp-json\/wp\/v2\/comments?post=10"}],"version-history":[{"count":82,"href":"https:\/\/technopark.it.com\/vi-vn\/wp-json\/wp\/v2\/pages\/10\/revisions"}],"predecessor-version":[{"id":686,"href":"https:\/\/technopark.it.com\/vi-vn\/wp-json\/wp\/v2\/pages\/10\/revisions\/686"}],"wp:featuredmedia":[{"embeddable":true,"href":"https:\/\/technopark.it.com\/vi-vn\/wp-json\/wp\/v2\/media\/497"}],"wp:attachment":[{"href":"https:\/\/technopark.it.com\/vi-vn\/wp-json\/wp\/v2\/media?parent=10"}],"curies":[{"name":"wp","href":"https:\/\/api.w.org\/{rel}","templated":true}]}}